{"id":76,"date":"2017-12-17T14:37:16","date_gmt":"2017-12-17T13:37:16","guid":{"rendered":"http:\/\/sm-przyszlosc.com.pl\/?page_id=76"},"modified":"2022-01-18T15:44:44","modified_gmt":"2022-01-18T14:44:44","slug":"witamy","status":"publish","type":"page","link":"http:\/\/sm-przyszlosc.com.pl\/","title":{"rendered":""},"content":{"rendered":"\t\t<div data-elementor-type=\"wp-post\" data-elementor-id=\"76\" class=\"elementor elementor-76 elementor-bc-flex-widget\">\n\t\t\t\t\t\t<section class=\"elementor-section elementor-top-section elementor-element elementor-element-74cca617 elementor-section-boxed elementor-section-height-default elementor-section-height-default\" data-id=\"74cca617\" data-element_type=\"section\" data-e-type=\"section\">\n\t\t\t\t\t\t<div class=\"elementor-container elementor-column-gap-default\">\n\t\t\t\t\t<div class=\"elementor-column elementor-col-100 elementor-top-column elementor-element elementor-element-3b841bf4\" data-id=\"3b841bf4\" data-element_type=\"column\" data-e-type=\"column\">\n\t\t\t<div class=\"elementor-widget-wrap elementor-element-populated\">\n\t\t\t\t\t\t<div class=\"elementor-element elementor-element-1087f288 elementor-widget elementor-widget-text-editor\" data-id=\"1087f288\" data-element_type=\"widget\" data-e-type=\"widget\" data-widget_type=\"text-editor.default\">\n\t\t\t\t<div class=\"elementor-widget-container\">\n\t\t\t\t\t\t\t\t\t<h1 style=\"text-align: center;\">Witamy Pa\u0144stwa na stronie<br \/> Sp\u00f3\u0142dzielni Mieszkaniowej &#8222;PRZYSZ\u0141O\u015a\u0106&#8221; w My\u015bliborzu.<\/h1><h1 style=\"text-align: center;\">\u00a0<\/h1>\t\t\t\t\t\t\t\t<\/div>\n\t\t\t\t<\/div>\n\t\t\t\t\t<\/div>\n\t\t<\/div>\n\t\t\t\t\t<\/div>\n\t\t<\/section>\n\t\t\t\t<\/div>\n\t\t","protected":false},"excerpt":{"rendered":"<p>Witamy Pa\u0144stwa na stronie Sp\u00f3\u0142dzielni Mieszkaniowej &#8222;PRZYSZ\u0141O\u015a\u0106&#8221; w My\u015bliborzu.<\/p>\n","protected":false},"author":1,"featured_media":0,"parent":0,"menu_order":0,"comment_status":"closed","ping_status":"closed","template":"template-fullwidth.php","meta":{"footnotes":""},"class_list":["post-76","page","type-page","status-publish","hentry"],"_links":{"self":[{"href":"http:\/\/sm-przyszlosc.com.pl\/index.php?rest_route=\/wp\/v2\/pages\/76","targetHints":{"allow":["GET"]}}],"collection":[{"href":"http:\/\/sm-przyszlosc.com.pl\/index.php?rest_route=\/wp\/v2\/pages"}],"about":[{"href":"http:\/\/sm-przyszlosc.com.pl\/index.php?rest_route=\/wp\/v2\/types\/page"}],"author":[{"embeddable":true,"href":"http:\/\/sm-przyszlosc.com.pl\/index.php?rest_route=\/wp\/v2\/users\/1"}],"replies":[{"embeddable":true,"href":"http:\/\/sm-przyszlosc.com.pl\/index.php?rest_route=%2Fwp%2Fv2%2Fcomments&post=76"}],"version-history":[{"count":9,"href":"http:\/\/sm-przyszlosc.com.pl\/index.php?rest_route=\/wp\/v2\/pages\/76\/revisions"}],"predecessor-version":[{"id":346,"href":"http:\/\/sm-przyszlosc.com.pl\/index.php?rest_route=\/wp\/v2\/pages\/76\/revisions\/346"}],"wp:attachment":[{"href":"http:\/\/sm-przyszlosc.com.pl\/index.php?rest_route=%2Fwp%2Fv2%2Fmedia&parent=76"}],"curies":[{"name":"wp","href":"https:\/\/api.w.org\/{rel}","templated":true}]}}