{"id":767,"date":"2023-05-09T16:13:14","date_gmt":"2023-05-09T15:13:14","guid":{"rendered":"http:\/\/sm-przyszlosc.com.pl\/?page_id=767"},"modified":"2025-10-29T08:31:28","modified_gmt":"2025-10-29T07:31:28","slug":"dokumenty","status":"publish","type":"page","link":"http:\/\/sm-przyszlosc.com.pl\/?page_id=767","title":{"rendered":"Dokumenty"},"content":{"rendered":"\t\t<div data-elementor-type=\"wp-page\" data-elementor-id=\"767\" class=\"elementor elementor-767\">\n\t\t\t\t\t\t<section class=\"elementor-section elementor-top-section elementor-element elementor-element-8e4c441 elementor-section-boxed elementor-section-height-default elementor-section-height-default\" data-id=\"8e4c441\" data-element_type=\"section\" data-e-type=\"section\">\n\t\t\t\t\t\t<div class=\"elementor-container elementor-column-gap-default\">\n\t\t\t\t\t<div class=\"elementor-column elementor-col-100 elementor-top-column elementor-element elementor-element-1c7aef6\" data-id=\"1c7aef6\" data-element_type=\"column\" data-e-type=\"column\">\n\t\t\t<div class=\"elementor-widget-wrap elementor-element-populated\">\n\t\t\t\t\t\t<div class=\"elementor-element elementor-element-8f90815 elementor-widget elementor-widget-heading\" data-id=\"8f90815\" data-element_type=\"widget\" data-e-type=\"widget\" data-widget_type=\"heading.default\">\n\t\t\t\t<div class=\"elementor-widget-container\">\n\t\t\t\t\t<h2 class=\"elementor-heading-title elementor-size-default\">Aktualne regulaminy Sp\u00f3\u0142dzielni Mieszkaniowej<\/h2>\t\t\t\t<\/div>\n\t\t\t\t<\/div>\n\t\t\t\t\t<\/div>\n\t\t<\/div>\n\t\t\t\t\t<\/div>\n\t\t<\/section>\n\t\t\t\t<section class=\"elementor-section elementor-top-section elementor-element elementor-element-70f4250 elementor-section-boxed elementor-section-height-default elementor-section-height-default\" data-id=\"70f4250\" data-element_type=\"section\" data-e-type=\"section\">\n\t\t\t\t\t\t<div class=\"elementor-container elementor-column-gap-default\">\n\t\t\t\t\t<div class=\"elementor-column elementor-col-20 elementor-top-column elementor-element elementor-element-3eecb26\" data-id=\"3eecb26\" data-element_type=\"column\" data-e-type=\"column\">\n\t\t\t<div class=\"elementor-widget-wrap elementor-element-populated\">\n\t\t\t\t\t\t<div class=\"elementor-element elementor-element-2ff82fd elementor-widget elementor-widget-image\" data-id=\"2ff82fd\" data-element_type=\"widget\" data-e-type=\"widget\" data-widget_type=\"image.default\">\n\t\t\t\t<div class=\"elementor-widget-container\">\n\t\t\t\t\t\t\t\t\t\t\t\t<figure class=\"wp-caption\">\n\t\t\t\t\t\t\t\t\t\t\t<a href=\"http:\/\/sm-przyszlosc.com.pl\/wp-content\/uploads\/2025\/10\/R.UDOSTEPNIANIA-DOKUMENTOW-CZLONKOM.pdf\">\n\t\t\t\t\t\t\t<img decoding=\"async\" width=\"100\" height=\"100\" src=\"http:\/\/sm-przyszlosc.com.pl\/wp-content\/uploads\/2018\/04\/pdf_100x100.jpg\" class=\"attachment-large size-large wp-image-357\" alt=\"\" srcset=\"http:\/\/sm-przyszlosc.com.pl\/wp-content\/uploads\/2018\/04\/pdf_100x100.jpg 100w, http:\/\/sm-przyszlosc.com.pl\/wp-content\/uploads\/2018\/04\/elementor\/thumbs\/pdf_100x100-noas38jwwgrdur1up317563wfpv3am0605qik2h7jo.jpg 50w\" sizes=\"(max-width: 100px) 100vw, 100px\" \/>\t\t\t\t\t\t\t\t<\/a>\n\t\t\t\t\t\t\t\t\t\t\t<figcaption class=\"widget-image-caption wp-caption-text\">Regulamin Udost\u0119pniania Dokument\u00f3w Cz\u0142onkom SM <\/figcaption>\n\t\t\t\t\t\t\t\t\t\t<\/figure>\n\t\t\t\t\t\t\t\t\t<\/div>\n\t\t\t\t<\/div>\n\t\t\t\t\t<\/div>\n\t\t<\/div>\n\t\t\t\t<div class=\"elementor-column elementor-col-20 elementor-top-column elementor-element elementor-element-1f14c29\" data-id=\"1f14c29\" data-element_type=\"column\" data-e-type=\"column\">\n\t\t\t<div class=\"elementor-widget-wrap elementor-element-populated\">\n\t\t\t\t\t\t<div class=\"elementor-element elementor-element-5d76572 elementor-widget elementor-widget-image\" data-id=\"5d76572\" data-element_type=\"widget\" data-e-type=\"widget\" data-widget_type=\"image.default\">\n\t\t\t\t<div class=\"elementor-widget-container\">\n\t\t\t\t\t\t\t\t\t\t\t\t<figure class=\"wp-caption\">\n\t\t\t\t\t\t\t\t\t\t\t<a href=\"http:\/\/sm-przyszlosc.com.pl\/wp-content\/uploads\/2025\/10\/REGULAMIN-FUNDUSZU-UDZIALOWEGO.pdf\">\n\t\t\t\t\t\t\t<img decoding=\"async\" width=\"100\" height=\"100\" src=\"http:\/\/sm-przyszlosc.com.pl\/wp-content\/uploads\/2018\/04\/pdf_100x100.jpg\" class=\"attachment-large size-large wp-image-357\" alt=\"\" srcset=\"http:\/\/sm-przyszlosc.com.pl\/wp-content\/uploads\/2018\/04\/pdf_100x100.jpg 100w, http:\/\/sm-przyszlosc.com.pl\/wp-content\/uploads\/2018\/04\/elementor\/thumbs\/pdf_100x100-noas38jwwgrdur1up317563wfpv3am0605qik2h7jo.jpg 50w\" sizes=\"(max-width: 100px) 100vw, 100px\" \/>\t\t\t\t\t\t\t\t<\/a>\n\t\t\t\t\t\t\t\t\t\t\t<figcaption class=\"widget-image-caption wp-caption-text\">Regulamin Funduszu Udzia\u0142owego<\/figcaption>\n\t\t\t\t\t\t\t\t\t\t<\/figure>\n\t\t\t\t\t\t\t\t\t<\/div>\n\t\t\t\t<\/div>\n\t\t\t\t\t<\/div>\n\t\t<\/div>\n\t\t\t\t<div class=\"elementor-column elementor-col-20 elementor-top-column elementor-element elementor-element-7f315f9\" data-id=\"7f315f9\" data-element_type=\"column\" data-e-type=\"column\">\n\t\t\t<div class=\"elementor-widget-wrap elementor-element-populated\">\n\t\t\t\t\t\t<div class=\"elementor-element elementor-element-48d31a7 elementor-widget elementor-widget-image\" data-id=\"48d31a7\" data-element_type=\"widget\" data-e-type=\"widget\" data-widget_type=\"image.default\">\n\t\t\t\t<div class=\"elementor-widget-container\">\n\t\t\t\t\t\t\t\t\t\t\t\t<figure class=\"wp-caption\">\n\t\t\t\t\t\t\t\t\t\t\t<a href=\"http:\/\/sm-przyszlosc.com.pl\/wp-content\/uploads\/2025\/10\/REGULAMIN-FUNDUSZU-ZASOBOWEGO.pdf\">\n\t\t\t\t\t\t\t<img decoding=\"async\" width=\"100\" height=\"100\" src=\"http:\/\/sm-przyszlosc.com.pl\/wp-content\/uploads\/2018\/04\/pdf_100x100.jpg\" class=\"attachment-large size-large wp-image-357\" alt=\"\" srcset=\"http:\/\/sm-przyszlosc.com.pl\/wp-content\/uploads\/2018\/04\/pdf_100x100.jpg 100w, http:\/\/sm-przyszlosc.com.pl\/wp-content\/uploads\/2018\/04\/elementor\/thumbs\/pdf_100x100-noas38jwwgrdur1up317563wfpv3am0605qik2h7jo.jpg 50w\" sizes=\"(max-width: 100px) 100vw, 100px\" \/>\t\t\t\t\t\t\t\t<\/a>\n\t\t\t\t\t\t\t\t\t\t\t<figcaption class=\"widget-image-caption wp-caption-text\">Regulamin Funduszu Zasobowego<\/figcaption>\n\t\t\t\t\t\t\t\t\t\t<\/figure>\n\t\t\t\t\t\t\t\t\t<\/div>\n\t\t\t\t<\/div>\n\t\t\t\t\t<\/div>\n\t\t<\/div>\n\t\t\t\t<div class=\"elementor-column elementor-col-20 elementor-top-column elementor-element elementor-element-f891196\" data-id=\"f891196\" data-element_type=\"column\" data-e-type=\"column\">\n\t\t\t<div class=\"elementor-widget-wrap elementor-element-populated\">\n\t\t\t\t\t\t<div class=\"elementor-element elementor-element-f708ea2 elementor-widget elementor-widget-image\" data-id=\"f708ea2\" data-element_type=\"widget\" data-e-type=\"widget\" data-widget_type=\"image.default\">\n\t\t\t\t<div class=\"elementor-widget-container\">\n\t\t\t\t\t\t\t\t\t\t\t\t<figure class=\"wp-caption\">\n\t\t\t\t\t\t\t\t\t\t\t<a href=\"http:\/\/sm-przyszlosc.com.pl\/wp-content\/uploads\/2025\/10\/REGULAMIN-RN.pdf\">\n\t\t\t\t\t\t\t<img decoding=\"async\" width=\"100\" height=\"100\" src=\"http:\/\/sm-przyszlosc.com.pl\/wp-content\/uploads\/2018\/04\/pdf_100x100.jpg\" class=\"attachment-large size-large wp-image-357\" alt=\"\" srcset=\"http:\/\/sm-przyszlosc.com.pl\/wp-content\/uploads\/2018\/04\/pdf_100x100.jpg 100w, http:\/\/sm-przyszlosc.com.pl\/wp-content\/uploads\/2018\/04\/elementor\/thumbs\/pdf_100x100-noas38jwwgrdur1up317563wfpv3am0605qik2h7jo.jpg 50w\" sizes=\"(max-width: 100px) 100vw, 100px\" \/>\t\t\t\t\t\t\t\t<\/a>\n\t\t\t\t\t\t\t\t\t\t\t<figcaption class=\"widget-image-caption wp-caption-text\">Regulamin Rady Nadzorczej<\/figcaption>\n\t\t\t\t\t\t\t\t\t\t<\/figure>\n\t\t\t\t\t\t\t\t\t<\/div>\n\t\t\t\t<\/div>\n\t\t\t\t\t<\/div>\n\t\t<\/div>\n\t\t\t\t<div class=\"elementor-column elementor-col-20 elementor-top-column elementor-element elementor-element-f3de926\" data-id=\"f3de926\" data-element_type=\"column\" data-e-type=\"column\">\n\t\t\t<div class=\"elementor-widget-wrap elementor-element-populated\">\n\t\t\t\t\t\t<div class=\"elementor-element elementor-element-027e128 elementor-widget elementor-widget-image\" data-id=\"027e128\" data-element_type=\"widget\" data-e-type=\"widget\" data-widget_type=\"image.default\">\n\t\t\t\t<div class=\"elementor-widget-container\">\n\t\t\t\t\t\t\t\t\t\t\t\t<figure class=\"wp-caption\">\n\t\t\t\t\t\t\t\t\t\t\t<a href=\"http:\/\/sm-przyszlosc.com.pl\/wp-content\/uploads\/2025\/10\/REGULAMIN-WZ.pdf\">\n\t\t\t\t\t\t\t<img decoding=\"async\" width=\"100\" height=\"100\" src=\"http:\/\/sm-przyszlosc.com.pl\/wp-content\/uploads\/2018\/04\/pdf_100x100.jpg\" class=\"attachment-large size-large wp-image-357\" alt=\"\" srcset=\"http:\/\/sm-przyszlosc.com.pl\/wp-content\/uploads\/2018\/04\/pdf_100x100.jpg 100w, http:\/\/sm-przyszlosc.com.pl\/wp-content\/uploads\/2018\/04\/elementor\/thumbs\/pdf_100x100-noas38jwwgrdur1up317563wfpv3am0605qik2h7jo.jpg 50w\" sizes=\"(max-width: 100px) 100vw, 100px\" \/>\t\t\t\t\t\t\t\t<\/a>\n\t\t\t\t\t\t\t\t\t\t\t<figcaption class=\"widget-image-caption wp-caption-text\">Regulamin Walnego Zebrania<\/figcaption>\n\t\t\t\t\t\t\t\t\t\t<\/figure>\n\t\t\t\t\t\t\t\t\t<\/div>\n\t\t\t\t<\/div>\n\t\t\t\t\t<\/div>\n\t\t<\/div>\n\t\t\t\t\t<\/div>\n\t\t<\/section>\n\t\t\t\t<section class=\"elementor-section elementor-top-section elementor-element elementor-element-5550887 elementor-section-boxed elementor-section-height-default elementor-section-height-default\" data-id=\"5550887\" data-element_type=\"section\" data-e-type=\"section\">\n\t\t\t\t\t\t<div class=\"elementor-container elementor-column-gap-default\">\n\t\t\t\t\t<div class=\"elementor-column elementor-col-25 elementor-top-column elementor-element elementor-element-db02760\" data-id=\"db02760\" data-element_type=\"column\" data-e-type=\"column\">\n\t\t\t<div class=\"elementor-widget-wrap elementor-element-populated\">\n\t\t\t\t\t\t<div class=\"elementor-element elementor-element-b1b5664 elementor-widget elementor-widget-image\" data-id=\"b1b5664\" data-element_type=\"widget\" data-e-type=\"widget\" data-widget_type=\"image.default\">\n\t\t\t\t<div class=\"elementor-widget-container\">\n\t\t\t\t\t\t\t\t\t\t\t\t<figure class=\"wp-caption\">\n\t\t\t\t\t\t\t\t\t\t\t<a href=\"http:\/\/sm-przyszlosc.com.pl\/wp-content\/uploads\/2025\/10\/R.-FUNDUSZU-WKLADOW-MIESZKANIOWYCH.pdf\">\n\t\t\t\t\t\t\t<img decoding=\"async\" width=\"100\" height=\"100\" src=\"http:\/\/sm-przyszlosc.com.pl\/wp-content\/uploads\/2018\/04\/pdf_100x100.jpg\" class=\"attachment-large size-large wp-image-357\" alt=\"\" srcset=\"http:\/\/sm-przyszlosc.com.pl\/wp-content\/uploads\/2018\/04\/pdf_100x100.jpg 100w, http:\/\/sm-przyszlosc.com.pl\/wp-content\/uploads\/2018\/04\/elementor\/thumbs\/pdf_100x100-noas38jwwgrdur1up317563wfpv3am0605qik2h7jo.jpg 50w\" sizes=\"(max-width: 100px) 100vw, 100px\" \/>\t\t\t\t\t\t\t\t<\/a>\n\t\t\t\t\t\t\t\t\t\t\t<figcaption class=\"widget-image-caption wp-caption-text\">Regulamin Funduszu Wk\u0142ad\u00f3w Mieszkaniowych<\/figcaption>\n\t\t\t\t\t\t\t\t\t\t<\/figure>\n\t\t\t\t\t\t\t\t\t<\/div>\n\t\t\t\t<\/div>\n\t\t\t\t\t<\/div>\n\t\t<\/div>\n\t\t\t\t<div class=\"elementor-column elementor-col-25 elementor-top-column elementor-element elementor-element-7462968\" data-id=\"7462968\" data-element_type=\"column\" data-e-type=\"column\">\n\t\t\t<div class=\"elementor-widget-wrap elementor-element-populated\">\n\t\t\t\t\t\t<div class=\"elementor-element elementor-element-78ac826 elementor-widget elementor-widget-image\" data-id=\"78ac826\" data-element_type=\"widget\" data-e-type=\"widget\" data-widget_type=\"image.default\">\n\t\t\t\t<div class=\"elementor-widget-container\">\n\t\t\t\t\t\t\t\t\t\t\t\t<figure class=\"wp-caption\">\n\t\t\t\t\t\t\t\t\t\t\t<a href=\"http:\/\/sm-przyszlosc.com.pl\/wp-content\/uploads\/2025\/10\/R.-UDZIELANIA-ZAMOWIEN-ZE-SRODKOW-PUBLICZNYCH.pdf\">\n\t\t\t\t\t\t\t<img decoding=\"async\" width=\"100\" height=\"100\" src=\"http:\/\/sm-przyszlosc.com.pl\/wp-content\/uploads\/2018\/04\/pdf_100x100.jpg\" class=\"attachment-large size-large wp-image-357\" alt=\"\" srcset=\"http:\/\/sm-przyszlosc.com.pl\/wp-content\/uploads\/2018\/04\/pdf_100x100.jpg 100w, http:\/\/sm-przyszlosc.com.pl\/wp-content\/uploads\/2018\/04\/elementor\/thumbs\/pdf_100x100-noas38jwwgrdur1up317563wfpv3am0605qik2h7jo.jpg 50w\" sizes=\"(max-width: 100px) 100vw, 100px\" \/>\t\t\t\t\t\t\t\t<\/a>\n\t\t\t\t\t\t\t\t\t\t\t<figcaption class=\"widget-image-caption wp-caption-text\">Regulamin Udzielania Zam\u00f3wie\u0144 ze \u015arodk\u00f3w Publicznych<\/figcaption>\n\t\t\t\t\t\t\t\t\t\t<\/figure>\n\t\t\t\t\t\t\t\t\t<\/div>\n\t\t\t\t<\/div>\n\t\t\t\t\t<\/div>\n\t\t<\/div>\n\t\t\t\t<div class=\"elementor-column elementor-col-25 elementor-top-column elementor-element elementor-element-2e9c94d\" data-id=\"2e9c94d\" data-element_type=\"column\" data-e-type=\"column\">\n\t\t\t<div class=\"elementor-widget-wrap elementor-element-populated\">\n\t\t\t\t\t\t<div class=\"elementor-element elementor-element-d6c27cb elementor-widget elementor-widget-image\" data-id=\"d6c27cb\" data-element_type=\"widget\" data-e-type=\"widget\" data-widget_type=\"image.default\">\n\t\t\t\t<div class=\"elementor-widget-container\">\n\t\t\t\t\t\t\t\t\t\t\t\t<figure class=\"wp-caption\">\n\t\t\t\t\t\t\t\t\t\t\t<a href=\"http:\/\/sm-przyszlosc.com.pl\/wp-content\/uploads\/2025\/10\/R.PRZEPROWADZANIA-PRZETARGOW-NA-ROBOTY-REMONTOWO-BUDOWLANE.pdf\">\n\t\t\t\t\t\t\t<img decoding=\"async\" width=\"100\" height=\"100\" src=\"http:\/\/sm-przyszlosc.com.pl\/wp-content\/uploads\/2018\/04\/pdf_100x100.jpg\" class=\"attachment-large size-large wp-image-357\" alt=\"\" srcset=\"http:\/\/sm-przyszlosc.com.pl\/wp-content\/uploads\/2018\/04\/pdf_100x100.jpg 100w, http:\/\/sm-przyszlosc.com.pl\/wp-content\/uploads\/2018\/04\/elementor\/thumbs\/pdf_100x100-noas38jwwgrdur1up317563wfpv3am0605qik2h7jo.jpg 50w\" sizes=\"(max-width: 100px) 100vw, 100px\" \/>\t\t\t\t\t\t\t\t<\/a>\n\t\t\t\t\t\t\t\t\t\t\t<figcaption class=\"widget-image-caption wp-caption-text\">Regulamin Przeprowadzania Przetarg\u00f3w na Roboty Remontowo-Budowlane<\/figcaption>\n\t\t\t\t\t\t\t\t\t\t<\/figure>\n\t\t\t\t\t\t\t\t\t<\/div>\n\t\t\t\t<\/div>\n\t\t\t\t\t<\/div>\n\t\t<\/div>\n\t\t\t\t<div class=\"elementor-column elementor-col-25 elementor-top-column elementor-element elementor-element-ff8405e\" data-id=\"ff8405e\" data-element_type=\"column\" data-e-type=\"column\">\n\t\t\t<div class=\"elementor-widget-wrap elementor-element-populated\">\n\t\t\t\t\t\t<div class=\"elementor-element elementor-element-39e6a21 elementor-widget elementor-widget-image\" data-id=\"39e6a21\" data-element_type=\"widget\" data-e-type=\"widget\" data-widget_type=\"image.default\">\n\t\t\t\t<div class=\"elementor-widget-container\">\n\t\t\t\t\t\t\t\t\t\t\t\t<figure class=\"wp-caption\">\n\t\t\t\t\t\t\t\t\t\t\t<a href=\"http:\/\/sm-przyszlosc.com.pl\/wp-content\/uploads\/2025\/10\/R.PRZEPROWADZANIA-PRZETARGOW.pdf\">\n\t\t\t\t\t\t\t<img decoding=\"async\" width=\"100\" height=\"100\" src=\"http:\/\/sm-przyszlosc.com.pl\/wp-content\/uploads\/2018\/04\/pdf_100x100.jpg\" class=\"attachment-large size-large wp-image-357\" alt=\"\" srcset=\"http:\/\/sm-przyszlosc.com.pl\/wp-content\/uploads\/2018\/04\/pdf_100x100.jpg 100w, http:\/\/sm-przyszlosc.com.pl\/wp-content\/uploads\/2018\/04\/elementor\/thumbs\/pdf_100x100-noas38jwwgrdur1up317563wfpv3am0605qik2h7jo.jpg 50w\" sizes=\"(max-width: 100px) 100vw, 100px\" \/>\t\t\t\t\t\t\t\t<\/a>\n\t\t\t\t\t\t\t\t\t\t\t<figcaption class=\"widget-image-caption wp-caption-text\">Regulamin Przeprowadzania Przetarg\u00f3w<\/figcaption>\n\t\t\t\t\t\t\t\t\t\t<\/figure>\n\t\t\t\t\t\t\t\t\t<\/div>\n\t\t\t\t<\/div>\n\t\t\t\t\t<\/div>\n\t\t<\/div>\n\t\t\t\t\t<\/div>\n\t\t<\/section>\n\t\t\t\t<section class=\"elementor-section elementor-top-section elementor-element elementor-element-be0608f elementor-section-boxed elementor-section-height-default elementor-section-height-default\" data-id=\"be0608f\" data-element_type=\"section\" data-e-type=\"section\">\n\t\t\t\t\t\t<div class=\"elementor-container elementor-column-gap-default\">\n\t\t\t\t\t<div class=\"elementor-column elementor-col-100 elementor-top-column elementor-element elementor-element-3aa7bbc\" data-id=\"3aa7bbc\" data-element_type=\"column\" data-e-type=\"column\">\n\t\t\t<div class=\"elementor-widget-wrap elementor-element-populated\">\n\t\t\t\t\t\t<div class=\"elementor-element elementor-element-ed4848f elementor-widget elementor-widget-heading\" data-id=\"ed4848f\" data-element_type=\"widget\" data-e-type=\"widget\" data-widget_type=\"heading.default\">\n\t\t\t\t<div class=\"elementor-widget-container\">\n\t\t\t\t\t<h2 class=\"elementor-heading-title elementor-size-default\">Statut Sp\u00f3\u0142dzielni Mieszkaniowej \"Przysz\u0142o\u015b\u0107\"<\/h2>\t\t\t\t<\/div>\n\t\t\t\t<\/div>\n\t\t\t\t\t<\/div>\n\t\t<\/div>\n\t\t\t\t\t<\/div>\n\t\t<\/section>\n\t\t\t\t<section class=\"elementor-section elementor-top-section elementor-element elementor-element-8b90479 elementor-section-boxed elementor-section-height-default elementor-section-height-default\" data-id=\"8b90479\" data-element_type=\"section\" data-e-type=\"section\">\n\t\t\t\t\t\t<div class=\"elementor-container elementor-column-gap-default\">\n\t\t\t\t\t<div class=\"elementor-column elementor-col-100 elementor-top-column elementor-element elementor-element-4230e84\" data-id=\"4230e84\" data-element_type=\"column\" data-e-type=\"column\">\n\t\t\t<div class=\"elementor-widget-wrap elementor-element-populated\">\n\t\t\t\t\t\t<div class=\"elementor-element elementor-element-7ad962e elementor-widget elementor-widget-image\" data-id=\"7ad962e\" data-element_type=\"widget\" data-e-type=\"widget\" data-widget_type=\"image.default\">\n\t\t\t\t<div class=\"elementor-widget-container\">\n\t\t\t\t\t\t\t\t\t\t\t\t\t\t\t\t<a href=\"http:\/\/sm-przyszlosc.com.pl\/wp-content\/uploads\/2025\/10\/Statut.pdf\">\n\t\t\t\t\t\t\t<img decoding=\"async\" width=\"100\" height=\"100\" src=\"http:\/\/sm-przyszlosc.com.pl\/wp-content\/uploads\/2018\/04\/pdf_100x100.jpg\" class=\"attachment-large size-large wp-image-357\" alt=\"\" srcset=\"http:\/\/sm-przyszlosc.com.pl\/wp-content\/uploads\/2018\/04\/pdf_100x100.jpg 100w, http:\/\/sm-przyszlosc.com.pl\/wp-content\/uploads\/2018\/04\/elementor\/thumbs\/pdf_100x100-noas38jwwgrdur1up317563wfpv3am0605qik2h7jo.jpg 50w\" sizes=\"(max-width: 100px) 100vw, 100px\" \/>\t\t\t\t\t\t\t\t<\/a>\n\t\t\t\t\t\t\t\t\t\t\t\t\t\t\t<\/div>\n\t\t\t\t<\/div>\n\t\t\t\t\t<\/div>\n\t\t<\/div>\n\t\t\t\t\t<\/div>\n\t\t<\/section>\n\t\t\t\t<section class=\"elementor-section elementor-top-section elementor-element elementor-element-cd3e70d elementor-section-boxed elementor-section-height-default elementor-section-height-default\" data-id=\"cd3e70d\" data-element_type=\"section\" data-e-type=\"section\">\n\t\t\t\t\t\t<div class=\"elementor-container elementor-column-gap-default\">\n\t\t\t\t\t<div class=\"elementor-column elementor-col-100 elementor-top-column elementor-element elementor-element-7d36c7b\" data-id=\"7d36c7b\" data-element_type=\"column\" data-e-type=\"column\">\n\t\t\t<div class=\"elementor-widget-wrap elementor-element-populated\">\n\t\t\t\t\t\t<div class=\"elementor-element elementor-element-bb9c8a8 elementor-widget elementor-widget-heading\" data-id=\"bb9c8a8\" data-element_type=\"widget\" data-e-type=\"widget\" data-widget_type=\"heading.default\">\n\t\t\t\t<div class=\"elementor-widget-container\">\n\t\t\t\t\t<h2 class=\"elementor-heading-title elementor-size-default\">Regulamin Funduszu Celowego SM \"Przysz\u0142o\u015b\u0107\"<br><\/h2>\t\t\t\t<\/div>\n\t\t\t\t<\/div>\n\t\t\t\t<div class=\"elementor-element elementor-element-4f82824 elementor-widget elementor-widget-image\" data-id=\"4f82824\" data-element_type=\"widget\" data-e-type=\"widget\" data-widget_type=\"image.default\">\n\t\t\t\t<div class=\"elementor-widget-container\">\n\t\t\t\t\t\t\t\t\t\t\t\t\t\t\t\t<a href=\"http:\/\/sm-przyszlosc.com.pl\/wp-content\/uploads\/2024\/10\/Regulamin-Funduszu-Celowego-SM.pdf\">\n\t\t\t\t\t\t\t<img decoding=\"async\" src=\"http:\/\/sm-przyszlosc.com.pl\/wp-content\/uploads\/2018\/04\/pdf_100x100.jpg\" title=\"pdf_100x100\" alt=\"pdf_100x100\" loading=\"lazy\" \/>\t\t\t\t\t\t\t\t<\/a>\n\t\t\t\t\t\t\t\t\t\t\t\t\t\t\t<\/div>\n\t\t\t\t<\/div>\n\t\t\t\t\t<\/div>\n\t\t<\/div>\n\t\t\t\t\t<\/div>\n\t\t<\/section>\n\t\t\t\t<section class=\"elementor-section elementor-top-section elementor-element elementor-element-decd196 elementor-section-boxed elementor-section-height-default elementor-section-height-default\" data-id=\"decd196\" data-element_type=\"section\" data-e-type=\"section\">\n\t\t\t\t\t\t<div class=\"elementor-container elementor-column-gap-default\">\n\t\t\t\t\t<div class=\"elementor-column elementor-col-100 elementor-top-column elementor-element elementor-element-5dd40ee\" data-id=\"5dd40ee\" data-element_type=\"column\" data-e-type=\"column\">\n\t\t\t<div class=\"elementor-widget-wrap elementor-element-populated\">\n\t\t\t\t\t\t<div class=\"elementor-element elementor-element-36a6ae9 elementor-widget elementor-widget-heading\" data-id=\"36a6ae9\" data-element_type=\"widget\" data-e-type=\"widget\" data-widget_type=\"heading.default\">\n\t\t\t\t<div class=\"elementor-widget-container\">\n\t\t\t\t\t<h2 class=\"elementor-heading-title elementor-size-default\">Regulaminy dostawy ciep\u0142ej wody, centralnego ogrzewania, dostawy wody i odprowadzania \u015bciek\u00f3w w SM \"Przysz\u0142o\u015b\u0107\"<\/h2>\t\t\t\t<\/div>\n\t\t\t\t<\/div>\n\t\t\t\t\t<\/div>\n\t\t<\/div>\n\t\t\t\t\t<\/div>\n\t\t<\/section>\n\t\t\t\t<section class=\"elementor-section elementor-top-section elementor-element elementor-element-0e7d2ae elementor-section-boxed elementor-section-height-default elementor-section-height-default\" data-id=\"0e7d2ae\" data-element_type=\"section\" data-e-type=\"section\">\n\t\t\t\t\t\t<div class=\"elementor-container elementor-column-gap-default\">\n\t\t\t\t\t<div class=\"elementor-column elementor-col-50 elementor-top-column elementor-element elementor-element-af8a852\" data-id=\"af8a852\" data-element_type=\"column\" data-e-type=\"column\">\n\t\t\t<div class=\"elementor-widget-wrap elementor-element-populated\">\n\t\t\t\t\t\t<div class=\"elementor-element elementor-element-23413e4 elementor-widget elementor-widget-text-editor\" data-id=\"23413e4\" data-element_type=\"widget\" data-e-type=\"widget\" data-widget_type=\"text-editor.default\">\n\t\t\t\t<div class=\"elementor-widget-container\">\n\t\t\t\t\t\t\t\t\t<p style=\"text-align: center;\"><span style=\"color: #ff0000;\"><a style=\"color: #ff0000;\" href=\"http:\/\/sm-przyszlosc.com.pl\/wp-content\/uploads\/2023\/05\/Regulamin-Zw.pdf\">Regulamin rozliczania koszt\u00f3w dostawy wody zimnej i odprowadzania \u015bciek\u00f3w<\/a><\/span><\/p>\t\t\t\t\t\t\t\t<\/div>\n\t\t\t\t<\/div>\n\t\t\t\t\t<\/div>\n\t\t<\/div>\n\t\t\t\t<div class=\"elementor-column elementor-col-50 elementor-top-column elementor-element elementor-element-bcd5274\" data-id=\"bcd5274\" data-element_type=\"column\" data-e-type=\"column\">\n\t\t\t<div class=\"elementor-widget-wrap elementor-element-populated\">\n\t\t\t\t\t\t<div class=\"elementor-element elementor-element-b5d43c3 elementor-widget elementor-widget-text-editor\" data-id=\"b5d43c3\" data-element_type=\"widget\" data-e-type=\"widget\" data-widget_type=\"text-editor.default\">\n\t\t\t\t<div class=\"elementor-widget-container\">\n\t\t\t\t\t\t\t\t\t<p style=\"text-align: center;\"><span style=\"color: #ff0000;\"><a style=\"color: #ff0000;\" href=\"http:\/\/sm-przyszlosc.com.pl\/wp-content\/uploads\/2023\/05\/Regulamin-CO.pdf\">Regulamin rozliczania koszt\u00f3w zakupu ciep\u0142a na potrzeby centralnego ogrzewania i przygotowania ciep\u0142ej wody.<\/a><\/span><\/p>\t\t\t\t\t\t\t\t<\/div>\n\t\t\t\t<\/div>\n\t\t\t\t\t<\/div>\n\t\t<\/div>\n\t\t\t\t\t<\/div>\n\t\t<\/section>\n\t\t\t\t<section class=\"elementor-section elementor-top-section elementor-element elementor-element-e62f713 elementor-section-boxed elementor-section-height-default elementor-section-height-default\" data-id=\"e62f713\" data-element_type=\"section\" data-e-type=\"section\">\n\t\t\t\t\t\t<div class=\"elementor-container elementor-column-gap-default\">\n\t\t\t\t\t<div class=\"elementor-column elementor-col-100 elementor-top-column elementor-element elementor-element-42bdf0c\" data-id=\"42bdf0c\" data-element_type=\"column\" data-e-type=\"column\">\n\t\t\t<div class=\"elementor-widget-wrap\">\n\t\t\t\t\t\t\t<\/div>\n\t\t<\/div>\n\t\t\t\t\t<\/div>\n\t\t<\/section>\n\t\t\t\t<\/div>\n\t\t","protected":false},"excerpt":{"rendered":"<p>Aktualne regulaminy Sp\u00f3\u0142dzielni Mieszkaniowej Regulamin Udost\u0119pniania Dokument\u00f3w Cz\u0142onkom SM Regulamin Funduszu Udzia\u0142owego Regulamin Funduszu Zasobowego Regulamin Rady Nadzorczej Regulamin Walnego Zebrania Regulamin Funduszu Wk\u0142ad\u00f3w Mieszkaniowych Regulamin Udzielania Zam\u00f3wie\u0144 ze \u015arodk\u00f3w Publicznych Regulamin Przeprowadzania Przetarg\u00f3w na Roboty Remontowo-Budowlane Regulamin Przeprowadzania Przetarg\u00f3w Statut Sp\u00f3\u0142dzielni Mieszkaniowej &#8222;Przysz\u0142o\u015b\u0107&#8221; Regulamin Funduszu Celowego SM &#8222;Przysz\u0142o\u015b\u0107&#8221; Regulaminy<\/p>\n","protected":false},"author":1,"featured_media":0,"parent":0,"menu_order":0,"comment_status":"closed","ping_status":"closed","template":"template-fullwidth.php","meta":{"footnotes":""},"class_list":["post-767","page","type-page","status-publish","hentry"],"_links":{"self":[{"href":"http:\/\/sm-przyszlosc.com.pl\/index.php?rest_route=\/wp\/v2\/pages\/767","targetHints":{"allow":["GET"]}}],"collection":[{"href":"http:\/\/sm-przyszlosc.com.pl\/index.php?rest_route=\/wp\/v2\/pages"}],"about":[{"href":"http:\/\/sm-przyszlosc.com.pl\/index.php?rest_route=\/wp\/v2\/types\/page"}],"author":[{"embeddable":true,"href":"http:\/\/sm-przyszlosc.com.pl\/index.php?rest_route=\/wp\/v2\/users\/1"}],"replies":[{"embeddable":true,"href":"http:\/\/sm-przyszlosc.com.pl\/index.php?rest_route=%2Fwp%2Fv2%2Fcomments&post=767"}],"version-history":[{"count":68,"href":"http:\/\/sm-przyszlosc.com.pl\/index.php?rest_route=\/wp\/v2\/pages\/767\/revisions"}],"predecessor-version":[{"id":1075,"href":"http:\/\/sm-przyszlosc.com.pl\/index.php?rest_route=\/wp\/v2\/pages\/767\/revisions\/1075"}],"wp:attachment":[{"href":"http:\/\/sm-przyszlosc.com.pl\/index.php?rest_route=%2Fwp%2Fv2%2Fmedia&parent=767"}],"curies":[{"name":"wp","href":"https:\/\/api.w.org\/{rel}","templated":true}]}}